{"id":29396,"date":"2024-07-02T10:50:31","date_gmt":"2024-07-02T08:50:31","guid":{"rendered":"https:\/\/lomarine.eu\/?page_id=29396"},"modified":"2024-07-02T11:01:38","modified_gmt":"2024-07-02T09:01:38","slug":"privacy-policy","status":"publish","type":"page","link":"https:\/\/lomarine.eu\/fr\/privacy-policy\/","title":{"rendered":"Politique de confidentialit\u00e9"},"content":{"rendered":"<div data-elementor-type=\"wp-page\" data-elementor-id=\"29396\" class=\"elementor elementor-29396\" data-elementor-post-type=\"page\">\n\t\t\t\t<div class=\"elementor-element elementor-element-70c7c1a e-flex e-con-boxed e-con e-parent\" data-id=\"70c7c1a\" data-element_type=\"container\" data-e-type=\"container\" data-settings=\"{&quot;background_background&quot;:&quot;classic&quot;}\">\n\t\t\t\t\t<div class=\"e-con-inner\">\n\t\t<div class=\"elementor-element elementor-element-2c9dfb6a e-con-full e-flex e-con e-child\" data-id=\"2c9dfb6a\" data-element_type=\"container\" data-e-type=\"container\">\n\t\t\t\t<div class=\"elementor-element elementor-element-30d441fe elementor-widget elementor-widget-heading\" data-id=\"30d441fe\" data-element_type=\"widget\" data-e-type=\"widget\" data-widget_type=\"heading.default\">\n\t\t\t\t<div class=\"elementor-widget-container\">\n\t\t\t\t\t<h2 class=\"elementor-heading-title elementor-size-default\">Confidentialit\u00e9\n<\/h2>\t\t\t\t<\/div>\n\t\t\t\t<\/div>\n\t\t\t\t<div class=\"elementor-element elementor-element-b018d41 elementor-widget elementor-widget-heading\" data-id=\"b018d41\" data-element_type=\"widget\" data-e-type=\"widget\" data-widget_type=\"heading.default\">\n\t\t\t\t<div class=\"elementor-widget-container\">\n\t\t\t\t\t<p class=\"elementor-heading-title elementor-size-default\">Dr. Paul Lohmann France n\u2019enregistre pas d\u2019informations personnelles sauf les formulaires remplis par l\u2019utilisateur. Ces informations ne seront utilis\u00e9es qu\u2019avec votre accord pour vous envoyer des courriers, des brochures, des devis ou pour vous contacter. Elles sont prot\u00e9g\u00e9es par la loi \u201cInformatique et Libert\u00e9s\u201d et peuvent \u00eatre modifi\u00e9es ou supprim\u00e9es sur demande. Des analyses statistiques non nominatives peuvent \u00eatre r\u00e9alis\u00e9es.<\/p>\t\t\t\t<\/div>\n\t\t\t\t<\/div>\n\t\t\t\t<div class=\"elementor-element elementor-element-b9de0bc elementor-widget elementor-widget-heading\" data-id=\"b9de0bc\" data-element_type=\"widget\" data-e-type=\"widget\" data-widget_type=\"heading.default\">\n\t\t\t\t<div class=\"elementor-widget-container\">\n\t\t\t\t\t<h2 class=\"elementor-heading-title elementor-size-default\">RGPD<\/h2>\t\t\t\t<\/div>\n\t\t\t\t<\/div>\n\t\t\t\t<div class=\"elementor-element elementor-element-abd88e8 elementor-widget elementor-widget-heading\" data-id=\"abd88e8\" data-element_type=\"widget\" data-e-type=\"widget\" data-widget_type=\"heading.default\">\n\t\t\t\t<div class=\"elementor-widget-container\">\n\t\t\t\t\t<p class=\"elementor-heading-title elementor-size-default\">La collecte et le traitement des donn\u00e9es personnelles sont conformes au RGPD. Chaque formulaire pr\u00e9cise les objectifs de la collecte, si les donn\u00e9es sont obligatoires ou facultatives, et qui peut y acc\u00e9der. Les appels peuvent \u00eatre enregistr\u00e9s pour usage interne et supprim\u00e9s sur demande.<\/p>\t\t\t\t<\/div>\n\t\t\t\t<\/div>\n\t\t\t\t<div class=\"elementor-element elementor-element-b1a7b77 elementor-widget elementor-widget-heading\" data-id=\"b1a7b77\" data-element_type=\"widget\" data-e-type=\"widget\" data-widget_type=\"heading.default\">\n\t\t\t\t<div class=\"elementor-widget-container\">\n\t\t\t\t\t<h2 class=\"elementor-heading-title elementor-size-default\">Utilisation de cookies<\/h2>\t\t\t\t<\/div>\n\t\t\t\t<\/div>\n\t\t\t\t<div class=\"elementor-element elementor-element-48e72d0 elementor-widget elementor-widget-heading\" data-id=\"48e72d0\" data-element_type=\"widget\" data-e-type=\"widget\" data-widget_type=\"heading.default\">\n\t\t\t\t<div class=\"elementor-widget-container\">\n\t\t\t\t\t<p class=\"elementor-heading-title elementor-size-default\">\nLes cookies enregistrent des informations non personnelles pour am\u00e9liorer la navigation et les statistiques. Ils sont utilis\u00e9s pendant un maximum de 6 mois.<\/p>\t\t\t\t<\/div>\n\t\t\t\t<\/div>\n\t\t\t\t<div class=\"elementor-element elementor-element-be716c7 elementor-widget elementor-widget-heading\" data-id=\"be716c7\" data-element_type=\"widget\" data-e-type=\"widget\" data-widget_type=\"heading.default\">\n\t\t\t\t<div class=\"elementor-widget-container\">\n\t\t\t\t\t<h2 class=\"elementor-heading-title elementor-size-default\">Opposition au d\u00e9marchage<\/h2>\t\t\t\t<\/div>\n\t\t\t\t<\/div>\n\t\t\t\t<div class=\"elementor-element elementor-element-763bcd2 elementor-widget elementor-widget-heading\" data-id=\"763bcd2\" data-element_type=\"widget\" data-e-type=\"widget\" data-widget_type=\"heading.default\">\n\t\t\t\t<div class=\"elementor-widget-container\">\n\t\t\t\t\t<p class=\"elementor-heading-title elementor-size-default\">\nInscription gratuite \u00e0 la liste d\u2019opposition au d\u00e9marchage t\u00e9l\u00e9phonique via bloctel.gouv.fr.<\/p>\t\t\t\t<\/div>\n\t\t\t\t<\/div>\n\t\t\t\t<div class=\"elementor-element elementor-element-1bda99a elementor-widget elementor-widget-heading\" data-id=\"1bda99a\" data-element_type=\"widget\" data-e-type=\"widget\" data-widget_type=\"heading.default\">\n\t\t\t\t<div class=\"elementor-widget-container\">\n\t\t\t\t\t<h2 class=\"elementor-heading-title elementor-size-default\">Liens hypertexte<\/h2>\t\t\t\t<\/div>\n\t\t\t\t<\/div>\n\t\t\t\t<div class=\"elementor-element elementor-element-0b9105c elementor-widget elementor-widget-heading\" data-id=\"0b9105c\" data-element_type=\"widget\" data-e-type=\"widget\" data-widget_type=\"heading.default\">\n\t\t\t\t<div class=\"elementor-widget-container\">\n\t\t\t\t\t<p class=\"elementor-heading-title elementor-size-default\">\nDr. Paul Lohmann France n\u2019est pas responsable du contenu des sites li\u00e9s.\n<\/p>\t\t\t\t<\/div>\n\t\t\t\t<\/div>\n\t\t\t\t<div class=\"elementor-element elementor-element-b269cf3 elementor-widget elementor-widget-heading\" data-id=\"b269cf3\" data-element_type=\"widget\" data-e-type=\"widget\" data-widget_type=\"heading.default\">\n\t\t\t\t<div class=\"elementor-widget-container\">\n\t\t\t\t\t<h2 class=\"elementor-heading-title elementor-size-default\">Directeur de la publication<\/h2>\t\t\t\t<\/div>\n\t\t\t\t<\/div>\n\t\t\t\t<div class=\"elementor-element elementor-element-759a6ce elementor-widget elementor-widget-heading\" data-id=\"759a6ce\" data-element_type=\"widget\" data-e-type=\"widget\" data-widget_type=\"heading.default\">\n\t\t\t\t<div class=\"elementor-widget-container\">\n\t\t\t\t\t<p class=\"elementor-heading-title elementor-size-default\">Herv\u00e9 Baillieu<\/p>\t\t\t\t<\/div>\n\t\t\t\t<\/div>\n\t\t\t\t<div class=\"elementor-element elementor-element-e397d2e elementor-widget elementor-widget-heading\" data-id=\"e397d2e\" data-element_type=\"widget\" data-e-type=\"widget\" data-widget_type=\"heading.default\">\n\t\t\t\t<div class=\"elementor-widget-container\">\n\t\t\t\t\t<h2 class=\"elementor-heading-title elementor-size-default\">Cr\u00e9ation et gestion du site<\/h2>\t\t\t\t<\/div>\n\t\t\t\t<\/div>\n\t\t\t\t<div class=\"elementor-element elementor-element-c7d21c1 elementor-widget elementor-widget-heading\" data-id=\"c7d21c1\" data-element_type=\"widget\" data-e-type=\"widget\" data-widget_type=\"heading.default\">\n\t\t\t\t<div class=\"elementor-widget-container\">\n\t\t\t\t\t<p class=\"elementor-heading-title elementor-size-default\">Webomatik \u2013 SIRET 79816694800025 \u2013 40800 Aire sur l\u2019adour \u2013 Landes \u2013 France \u2013 contact@webomatik.fr <\/p>\t\t\t\t<\/div>\n\t\t\t\t<\/div>\n\t\t\t\t<div class=\"elementor-element elementor-element-af746c7 elementor-widget elementor-widget-heading\" data-id=\"af746c7\" data-element_type=\"widget\" data-e-type=\"widget\" data-widget_type=\"heading.default\">\n\t\t\t\t<div class=\"elementor-widget-container\">\n\t\t\t\t\t<h2 class=\"elementor-heading-title elementor-size-default\">H\u00e9bergement<\/h2>\t\t\t\t<\/div>\n\t\t\t\t<\/div>\n\t\t\t\t<div class=\"elementor-element elementor-element-fd8f43d elementor-widget elementor-widget-heading\" data-id=\"fd8f43d\" data-element_type=\"widget\" data-e-type=\"widget\" data-widget_type=\"heading.default\">\n\t\t\t\t<div class=\"elementor-widget-container\">\n\t\t\t\t\t<p class=\"elementor-heading-title elementor-size-default\">Webomatik \u2013 SIRET 79816694800025 \u2013 40800 Aire sur l\u2019adour \u2013 Landes \u2013 France \u2013 contact@webomatik.fr <\/p>\t\t\t\t<\/div>\n\t\t\t\t<\/div>\n\t\t\t\t<div class=\"elementor-element elementor-element-ed5f399 elementor-align-center elementor-widget elementor-widget-button\" data-id=\"ed5f399\" data-element_type=\"widget\" data-e-type=\"widget\" data-widget_type=\"button.default\">\n\t\t\t\t<div class=\"elementor-widget-container\">\n\t\t\t\t\t\t\t\t\t<div class=\"elementor-button-wrapper\">\n\t\t\t\t\t<a class=\"elementor-button elementor-button-link elementor-size-sm\" href=\"https:\/\/lomarine.eu\/fr\">\n\t\t\t\t\t\t<span class=\"elementor-button-content-wrapper\">\n\t\t\t\t\t\t\t\t\t<span class=\"elementor-button-text\">Back to Home<\/span>\n\t\t\t\t\t<\/span>\n\t\t\t\t\t<\/a>\n\t\t\t\t<\/div>\n\t\t\t\t\t\t\t\t<\/div>\n\t\t\t\t<\/div>\n\t\t\t\t<\/div>\n\t\t\t\t\t<\/div>\n\t\t\t\t<\/div>\n\t\t\t\t<\/div>","protected":false},"excerpt":{"rendered":"<p>Confidentialit\u00e9 Dr. Paul Lohmann France n\u2019enregistre pas d\u2019informations personnelles sauf les formulaires remplis par l\u2019utilisateur. Ces informations ne seront utilis\u00e9es qu\u2019avec votre accord pour vous envoyer des courriers, des brochures, des devis ou pour vous contacter. Elles sont prot\u00e9g\u00e9es par la loi \u201cInformatique et Libert\u00e9s\u201d et peuvent \u00eatre modifi\u00e9es ou supprim\u00e9es sur demande. Des analyses [&hellip;]<\/p>\n","protected":false},"author":1,"featured_media":0,"parent":0,"menu_order":0,"comment_status":"closed","ping_status":"closed","template":"","meta":{"footnotes":""},"class_list":["post-29396","page","type-page","status-publish","hentry"],"_links":{"self":[{"href":"https:\/\/lomarine.eu\/fr\/wp-json\/wp\/v2\/pages\/29396","targetHints":{"allow":["GET"]}}],"collection":[{"href":"https:\/\/lomarine.eu\/fr\/wp-json\/wp\/v2\/pages"}],"about":[{"href":"https:\/\/lomarine.eu\/fr\/wp-json\/wp\/v2\/types\/page"}],"author":[{"embeddable":true,"href":"https:\/\/lomarine.eu\/fr\/wp-json\/wp\/v2\/users\/1"}],"replies":[{"embeddable":true,"href":"https:\/\/lomarine.eu\/fr\/wp-json\/wp\/v2\/comments?post=29396"}],"version-history":[{"count":13,"href":"https:\/\/lomarine.eu\/fr\/wp-json\/wp\/v2\/pages\/29396\/revisions"}],"predecessor-version":[{"id":29412,"href":"https:\/\/lomarine.eu\/fr\/wp-json\/wp\/v2\/pages\/29396\/revisions\/29412"}],"wp:attachment":[{"href":"https:\/\/lomarine.eu\/fr\/wp-json\/wp\/v2\/media?parent=29396"}],"curies":[{"name":"wp","href":"https:\/\/api.w.org\/{rel}","templated":true}]}}